{"id":661,"date":"2025-07-11T09:54:25","date_gmt":"2025-07-11T07:54:25","guid":{"rendered":"https:\/\/lotteriefdx.com\/?page_id=661"},"modified":"2025-07-16T12:57:55","modified_gmt":"2025-07-16T10:57:55","slug":"contact","status":"publish","type":"page","link":"https:\/\/lotteriefdx.com\/?page_id=661","title":{"rendered":"Vos informations"},"content":{"rendered":"\t\t<div data-elementor-type=\"wp-page\" data-elementor-id=\"661\" class=\"elementor elementor-661\">\n\t\t\t\t<div class=\"elementor-element elementor-element-dc4043d e-flex e-con-boxed e-con e-parent\" data-id=\"dc4043d\" data-element_type=\"container\">\n\t\t\t\t\t<div class=\"e-con-inner\">\n\t\t<div class=\"elementor-element elementor-element-68d7229 e-con-full e-flex e-con e-child\" data-id=\"68d7229\" data-element_type=\"container\">\n\t\t\t\t<div class=\"elementor-element elementor-element-b619590 elementor-widget elementor-widget-image\" data-id=\"b619590\" data-element_type=\"widget\" data-widget_type=\"image.default\">\n\t\t\t\t\t\t\t\t\t\t\t\t\t\t\t<img fetchpriority=\"high\" decoding=\"async\" width=\"640\" height=\"480\" src=\"https:\/\/lotteriefdx.com\/wp-content\/uploads\/2025\/07\/IMG-20250708-WA0065.jpg\" class=\"attachment-large size-large wp-image-677\" alt=\"\" srcset=\"https:\/\/lotteriefdx.com\/wp-content\/uploads\/2025\/07\/IMG-20250708-WA0065.jpg 720w, https:\/\/lotteriefdx.com\/wp-content\/uploads\/2025\/07\/IMG-20250708-WA0065-300x225.jpg 300w\" sizes=\"(max-width: 640px) 100vw, 640px\" \/>\t\t\t\t\t\t\t\t\t\t\t\t\t\t\t<\/div>\n\t\t\t\t<\/div>\n\t\t<div class=\"elementor-element elementor-element-820eea6 e-con-full e-flex e-con e-child\" data-id=\"820eea6\" data-element_type=\"container\">\n\t\t\t\t<div class=\"elementor-element elementor-element-0018761 elementor-widget elementor-widget-text-editor\" data-id=\"0018761\" data-element_type=\"widget\" data-widget_type=\"text-editor.default\">\n\t\t\t\t\t\t\t\t\t\n<div class=\"wpcf7 no-js\" id=\"wpcf7-f659-o1\" lang=\"en-US\" dir=\"ltr\" data-wpcf7-id=\"659\">\n<div class=\"screen-reader-response\"><p role=\"status\" aria-live=\"polite\" aria-atomic=\"true\"><\/p> <ul><\/ul><\/div>\n<form action=\"\/index.php?rest_route=%2Fwp%2Fv2%2Fpages%2F661#wpcf7-f659-o1\" method=\"post\" class=\"wpcf7-form init\" aria-label=\"Contact form\" novalidate=\"novalidate\" data-status=\"init\">\n<fieldset class=\"hidden-fields-container\"><input type=\"hidden\" name=\"_wpcf7\" value=\"659\" \/><input type=\"hidden\" name=\"_wpcf7_version\" value=\"6.1\" \/><input type=\"hidden\" name=\"_wpcf7_locale\" value=\"en_US\" \/><input type=\"hidden\" name=\"_wpcf7_unit_tag\" value=\"wpcf7-f659-o1\" \/><input type=\"hidden\" name=\"_wpcf7_container_post\" value=\"0\" \/><input type=\"hidden\" name=\"_wpcf7_posted_data_hash\" value=\"\" \/>\n<\/fieldset>\n<p><label> Nom et pr\u00e9nom(s)<br \/>\n<span class=\"wpcf7-form-control-wrap\" data-name=\"your-name\"><input size=\"40\" maxlength=\"400\" class=\"wpcf7-form-control wpcf7-text wpcf7-validates-as-required\" autocomplete=\"name\" aria-required=\"true\" aria-invalid=\"false\" value=\"\" type=\"text\" name=\"your-name\" \/><\/span> <\/label>\n<\/p>\n<p><label> Votre email<br \/>\n<span class=\"wpcf7-form-control-wrap\" data-name=\"your-email\"><input size=\"40\" maxlength=\"400\" class=\"wpcf7-form-control wpcf7-email wpcf7-validates-as-required wpcf7-text wpcf7-validates-as-email\" autocomplete=\"email\" aria-required=\"true\" aria-invalid=\"false\" value=\"\" type=\"email\" name=\"your-email\" \/><\/span> <\/label>\n<\/p>\n<p><label> Num\u00e9ro Whatsap (avec le pr\u00e9fix de votre pays)<br \/>\n<span class=\"wpcf7-form-control-wrap\" data-name=\"numero-whatsap\"><input size=\"40\" maxlength=\"400\" class=\"wpcf7-form-control wpcf7-text wpcf7-validates-as-required\" aria-required=\"true\" aria-invalid=\"false\" value=\"\" type=\"text\" name=\"numero-whatsap\" \/><\/span> <\/label>\n<\/p>\n<p><label> Num\u00e9ro de chance s\u00e9lectionn\u00e9<br \/>\n<span class=\"wpcf7-form-control-wrap\" data-name=\"numero-chance-choisi\"><input class=\"wpcf7-form-control wpcf7-number wpcf7-validates-as-required wpcf7-validates-as-number\" aria-required=\"true\" aria-invalid=\"false\" value=\"\" type=\"number\" name=\"numero-chance-choisi\" \/><\/span> <\/label>\n<\/p>\n<p><label> Adresse (pays et ville)<br \/>\n<span class=\"wpcf7-form-control-wrap\" data-name=\"pays-ville\"><input size=\"40\" maxlength=\"400\" class=\"wpcf7-form-control wpcf7-text wpcf7-validates-as-required\" aria-required=\"true\" aria-invalid=\"false\" value=\"\" type=\"text\" name=\"pays-ville\" \/><\/span> <\/label>\n<\/p>\n<p><input class=\"wpcf7-form-control wpcf7-submit has-spinner\" type=\"submit\" value=\"Envoyer\" \/>\n<\/p><div class=\"wpcf7-response-output\" aria-hidden=\"true\"><\/div>\n<\/form>\n<\/div>\n\t\t\t\t\t\t\t\t<\/div>\n\t\t\t\t<\/div>\n\t\t\t\t\t<\/div>\n\t\t\t\t<\/div>\n\t\t<div class=\"elementor-element elementor-element-cb9f32e e-con-full e-flex e-con e-parent\" data-id=\"cb9f32e\" data-element_type=\"container\" data-settings=\"{&quot;background_background&quot;:&quot;classic&quot;}\">\n\t\t<div class=\"elementor-element elementor-element-98b61a7 e-con-full e-flex e-con e-child\" data-id=\"98b61a7\" data-element_type=\"container\">\n\t\t\t\t<div class=\"elementor-element elementor-element-4cfe031c elementor-widget__width-initial elementor-widget elementor-widget-text-editor\" data-id=\"4cfe031c\" data-element_type=\"widget\" data-widget_type=\"text-editor.default\">\n\t\t\t\t\t\t\t\t\t<p>Vous n&#8217;avez pas encore \u00e9t\u00e9 contact\u00e9? N&#8217;attendez plus, \u00e9crivez nous directement sur Whatsapp<\/p>\t\t\t\t\t\t\t\t<\/div>\n\t\t\t\t<\/div>\n\t\t\t\t<\/div>\n\t\t<div class=\"elementor-element elementor-element-10b70d35 e-con-full e-flex e-con e-parent\" data-id=\"10b70d35\" data-element_type=\"container\" data-settings=\"{&quot;background_background&quot;:&quot;classic&quot;}\">\n\t\t\t\t<div class=\"elementor-element elementor-element-153778cd elementor-widget elementor-widget-button\" data-id=\"153778cd\" data-element_type=\"widget\" data-widget_type=\"button.default\">\n\t\t\t\t\t\t\t\t\t\t<a class=\"elementor-button elementor-button-link elementor-size-sm\" href=\"https:\/\/api.whatsapp.com\/send\/?phone=393761695640&#038;text&#038;type=phone_number&#038;app_absent=0\">\n\t\t\t\t\t\t<span class=\"elementor-button-content-wrapper\">\n\t\t\t\t\t\t\t\t\t<span class=\"elementor-button-text\">Nous \u00e9crire sur Whatsapp<\/span>\n\t\t\t\t\t<\/span>\n\t\t\t\t\t<\/a>\n\t\t\t\t\t\t\t\t<\/div>\n\t\t\t\t<\/div>\n\t\t\t\t<\/div>\n\t\t","protected":false},"excerpt":{"rendered":"<p>Vous n&#8217;avez pas encore \u00e9t\u00e9 contact\u00e9? N&#8217;attendez plus, \u00e9crivez nous directement sur Whatsapp Nous \u00e9crire sur Whatsapp<\/p>\n","protected":false},"author":1,"featured_media":0,"parent":0,"menu_order":0,"comment_status":"closed","ping_status":"closed","template":"page-templates\/pagebuilder.php","meta":{"footnotes":""},"class_list":["post-661","page","type-page","status-publish","hentry"],"yoast_head":"<!-- This site is optimized with the Yoast SEO plugin v25.5 - https:\/\/yoast.com\/wordpress\/plugins\/seo\/ -->\n<title>Vos informations - Express Lotterie<\/title>\n<meta name=\"robots\" content=\"index, follow, max-snippet:-1, max-image-preview:large, max-video-preview:-1\" \/>\n<link rel=\"canonical\" href=\"https:\/\/lotteriefdx.com\/?page_id=661\" \/>\n<meta property=\"og:locale\" content=\"en_US\" \/>\n<meta property=\"og:type\" content=\"article\" \/>\n<meta property=\"og:title\" content=\"Vos informations - Express Lotterie\" \/>\n<meta property=\"og:description\" content=\"Vous n&#8217;avez pas encore \u00e9t\u00e9 contact\u00e9? N&#8217;attendez plus, \u00e9crivez nous directement sur Whatsapp Nous \u00e9crire sur Whatsapp\" \/>\n<meta property=\"og:url\" content=\"https:\/\/lotteriefdx.com\/?page_id=661\" \/>\n<meta property=\"og:site_name\" content=\"Express Lotterie\" \/>\n<meta property=\"article:modified_time\" content=\"2025-07-16T10:57:55+00:00\" \/>\n<meta property=\"og:image\" content=\"https:\/\/lotteriefdx.com\/wp-content\/uploads\/2025\/07\/IMG-20250708-WA0065.jpg\" \/>\n<meta name=\"twitter:card\" content=\"summary_large_image\" \/>\n<script type=\"application\/ld+json\" class=\"yoast-schema-graph\">{\"@context\":\"https:\/\/schema.org\",\"@graph\":[{\"@type\":\"WebPage\",\"@id\":\"https:\/\/lotteriefdx.com\/?page_id=661\",\"url\":\"https:\/\/lotteriefdx.com\/?page_id=661\",\"name\":\"Vos informations - Express Lotterie\",\"isPartOf\":{\"@id\":\"https:\/\/lotteriefdx.com\/#website\"},\"primaryImageOfPage\":{\"@id\":\"https:\/\/lotteriefdx.com\/?page_id=661#primaryimage\"},\"image\":{\"@id\":\"https:\/\/lotteriefdx.com\/?page_id=661#primaryimage\"},\"thumbnailUrl\":\"https:\/\/lotteriefdx.com\/wp-content\/uploads\/2025\/07\/IMG-20250708-WA0065.jpg\",\"datePublished\":\"2025-07-11T07:54:25+00:00\",\"dateModified\":\"2025-07-16T10:57:55+00:00\",\"breadcrumb\":{\"@id\":\"https:\/\/lotteriefdx.com\/?page_id=661#breadcrumb\"},\"inLanguage\":\"en-US\",\"potentialAction\":[{\"@type\":\"ReadAction\",\"target\":[\"https:\/\/lotteriefdx.com\/?page_id=661\"]}]},{\"@type\":\"ImageObject\",\"inLanguage\":\"en-US\",\"@id\":\"https:\/\/lotteriefdx.com\/?page_id=661#primaryimage\",\"url\":\"https:\/\/lotteriefdx.com\/wp-content\/uploads\/2025\/07\/IMG-20250708-WA0065.jpg\",\"contentUrl\":\"https:\/\/lotteriefdx.com\/wp-content\/uploads\/2025\/07\/IMG-20250708-WA0065.jpg\",\"width\":720,\"height\":540},{\"@type\":\"BreadcrumbList\",\"@id\":\"https:\/\/lotteriefdx.com\/?page_id=661#breadcrumb\",\"itemListElement\":[{\"@type\":\"ListItem\",\"position\":1,\"name\":\"Home\",\"item\":\"https:\/\/lotteriefdx.com\/\"},{\"@type\":\"ListItem\",\"position\":2,\"name\":\"Vos informations\"}]},{\"@type\":\"WebSite\",\"@id\":\"https:\/\/lotteriefdx.com\/#website\",\"url\":\"https:\/\/lotteriefdx.com\/\",\"name\":\"Express Lotterie\",\"description\":\"\",\"publisher\":{\"@id\":\"https:\/\/lotteriefdx.com\/#organization\"},\"potentialAction\":[{\"@type\":\"SearchAction\",\"target\":{\"@type\":\"EntryPoint\",\"urlTemplate\":\"https:\/\/lotteriefdx.com\/?s={search_term_string}\"},\"query-input\":{\"@type\":\"PropertyValueSpecification\",\"valueRequired\":true,\"valueName\":\"search_term_string\"}}],\"inLanguage\":\"en-US\"},{\"@type\":\"Organization\",\"@id\":\"https:\/\/lotteriefdx.com\/#organization\",\"name\":\"Express Lotterie\",\"url\":\"https:\/\/lotteriefdx.com\/\",\"logo\":{\"@type\":\"ImageObject\",\"inLanguage\":\"en-US\",\"@id\":\"https:\/\/lotteriefdx.com\/#\/schema\/logo\/image\/\",\"url\":\"https:\/\/lotteriefdx.com\/wp-content\/uploads\/2025\/07\/cropped-lo.png\",\"contentUrl\":\"https:\/\/lotteriefdx.com\/wp-content\/uploads\/2025\/07\/cropped-lo.png\",\"width\":221,\"height\":44,\"caption\":\"Express Lotterie\"},\"image\":{\"@id\":\"https:\/\/lotteriefdx.com\/#\/schema\/logo\/image\/\"}}]}<\/script>\n<!-- \/ Yoast SEO plugin. -->","yoast_head_json":{"title":"Vos informations - Express Lotterie","robots":{"index":"index","follow":"follow","max-snippet":"max-snippet:-1","max-image-preview":"max-image-preview:large","max-video-preview":"max-video-preview:-1"},"canonical":"https:\/\/lotteriefdx.com\/?page_id=661","og_locale":"en_US","og_type":"article","og_title":"Vos informations - Express Lotterie","og_description":"Vous n&#8217;avez pas encore \u00e9t\u00e9 contact\u00e9? N&#8217;attendez plus, \u00e9crivez nous directement sur Whatsapp Nous \u00e9crire sur Whatsapp","og_url":"https:\/\/lotteriefdx.com\/?page_id=661","og_site_name":"Express Lotterie","article_modified_time":"2025-07-16T10:57:55+00:00","og_image":[{"url":"https:\/\/lotteriefdx.com\/wp-content\/uploads\/2025\/07\/IMG-20250708-WA0065.jpg","type":"","width":"","height":""}],"twitter_card":"summary_large_image","schema":{"@context":"https:\/\/schema.org","@graph":[{"@type":"WebPage","@id":"https:\/\/lotteriefdx.com\/?page_id=661","url":"https:\/\/lotteriefdx.com\/?page_id=661","name":"Vos informations - Express Lotterie","isPartOf":{"@id":"https:\/\/lotteriefdx.com\/#website"},"primaryImageOfPage":{"@id":"https:\/\/lotteriefdx.com\/?page_id=661#primaryimage"},"image":{"@id":"https:\/\/lotteriefdx.com\/?page_id=661#primaryimage"},"thumbnailUrl":"https:\/\/lotteriefdx.com\/wp-content\/uploads\/2025\/07\/IMG-20250708-WA0065.jpg","datePublished":"2025-07-11T07:54:25+00:00","dateModified":"2025-07-16T10:57:55+00:00","breadcrumb":{"@id":"https:\/\/lotteriefdx.com\/?page_id=661#breadcrumb"},"inLanguage":"en-US","potentialAction":[{"@type":"ReadAction","target":["https:\/\/lotteriefdx.com\/?page_id=661"]}]},{"@type":"ImageObject","inLanguage":"en-US","@id":"https:\/\/lotteriefdx.com\/?page_id=661#primaryimage","url":"https:\/\/lotteriefdx.com\/wp-content\/uploads\/2025\/07\/IMG-20250708-WA0065.jpg","contentUrl":"https:\/\/lotteriefdx.com\/wp-content\/uploads\/2025\/07\/IMG-20250708-WA0065.jpg","width":720,"height":540},{"@type":"BreadcrumbList","@id":"https:\/\/lotteriefdx.com\/?page_id=661#breadcrumb","itemListElement":[{"@type":"ListItem","position":1,"name":"Home","item":"https:\/\/lotteriefdx.com\/"},{"@type":"ListItem","position":2,"name":"Vos informations"}]},{"@type":"WebSite","@id":"https:\/\/lotteriefdx.com\/#website","url":"https:\/\/lotteriefdx.com\/","name":"Express Lotterie","description":"","publisher":{"@id":"https:\/\/lotteriefdx.com\/#organization"},"potentialAction":[{"@type":"SearchAction","target":{"@type":"EntryPoint","urlTemplate":"https:\/\/lotteriefdx.com\/?s={search_term_string}"},"query-input":{"@type":"PropertyValueSpecification","valueRequired":true,"valueName":"search_term_string"}}],"inLanguage":"en-US"},{"@type":"Organization","@id":"https:\/\/lotteriefdx.com\/#organization","name":"Express Lotterie","url":"https:\/\/lotteriefdx.com\/","logo":{"@type":"ImageObject","inLanguage":"en-US","@id":"https:\/\/lotteriefdx.com\/#\/schema\/logo\/image\/","url":"https:\/\/lotteriefdx.com\/wp-content\/uploads\/2025\/07\/cropped-lo.png","contentUrl":"https:\/\/lotteriefdx.com\/wp-content\/uploads\/2025\/07\/cropped-lo.png","width":221,"height":44,"caption":"Express Lotterie"},"image":{"@id":"https:\/\/lotteriefdx.com\/#\/schema\/logo\/image\/"}}]}},"_links":{"self":[{"href":"https:\/\/lotteriefdx.com\/index.php?rest_route=\/wp\/v2\/pages\/661","targetHints":{"allow":["GET"]}}],"collection":[{"href":"https:\/\/lotteriefdx.com\/index.php?rest_route=\/wp\/v2\/pages"}],"about":[{"href":"https:\/\/lotteriefdx.com\/index.php?rest_route=\/wp\/v2\/types\/page"}],"author":[{"embeddable":true,"href":"https:\/\/lotteriefdx.com\/index.php?rest_route=\/wp\/v2\/users\/1"}],"replies":[{"embeddable":true,"href":"https:\/\/lotteriefdx.com\/index.php?rest_route=%2Fwp%2Fv2%2Fcomments&post=661"}],"version-history":[{"count":22,"href":"https:\/\/lotteriefdx.com\/index.php?rest_route=\/wp\/v2\/pages\/661\/revisions"}],"predecessor-version":[{"id":739,"href":"https:\/\/lotteriefdx.com\/index.php?rest_route=\/wp\/v2\/pages\/661\/revisions\/739"}],"wp:attachment":[{"href":"https:\/\/lotteriefdx.com\/index.php?rest_route=%2Fwp%2Fv2%2Fmedia&parent=661"}],"curies":[{"name":"wp","href":"https:\/\/api.w.org\/{rel}","templated":true}]}}